{"id":25,"date":"2010-11-17T16:59:06","date_gmt":"2010-11-17T19:59:06","guid":{"rendered":"http:\/\/revistaregional.com.br\/site\/?page_id=25"},"modified":"2024-01-17T06:38:25","modified_gmt":"2024-01-17T09:38:25","slug":"editora-clipping","status":"publish","type":"page","link":"https:\/\/revistaregional.com.br\/site\/editora-clipping\/","title":{"rendered":"Editora Clipping"},"content":{"rendered":"<p>Editora Clipping: produtos de qualidade com credibilidade<\/p>\n<p>A EDITORA CLIPPING COMUNICA\u00c7\u00c3O LTDA. est\u00e1 no mercado regional de Itu, Salto e Indaiatuba desde 2003, sendo atualmente respons\u00e1vel por algumas das maiores publica\u00e7\u00f5es em revista do eixo Sorocaba-Campinas, no Interior paulista: a REVISTA REGIONAL, REGIONAL CASA e REGIONAL NOIVAS. Hoje, a REVISTA REGIONAL \u00e9 considerada a maior e mais completa publica\u00e7\u00e3o de moda, lifestyle e comportamento desta regi\u00e3o, direcionada a um seleto p\u00fablico dos principais condom\u00ednios das cidades de ITU, SALTO, INDAIATUBA e pontos de SOROCABA. Al\u00e9m desses t\u00edtulos pr\u00f3prios, a Editora tamb\u00e9m \u00e9 respons\u00e1vel por publica\u00e7\u00f5es extras, informativos tem\u00e1ticos e customizados para empresas, como foi o caso da Revista Regional 5 Anos do Plaza Shopping, de Itu, lan\u00e7ada em abril de 2005 e a FIESP-CIESP EM REVISTA, publica\u00e7\u00e3o trimestral para a Diretoria Regional da FIESP-CIESP (Federa\u00e7\u00e3o e Centro das Ind\u00fastrias de S\u00e3o Paulo) de Indaiatuba.<\/p>\n<p><strong>Email:<\/strong><\/p>\n<p><a href=\"mailto:editoraclipping@uol.com.br\" target=\"_blank\" rel=\"noopener noreferrer\" data-auth=\"NotApplicable\">editoraclipping@uol.com.br<\/a><\/p>\n<p><a href=\"mailto:revista.regional@uol.com.br\" target=\"_blank\" rel=\"noopener noreferrer\" data-auth=\"NotApplicable\">revista.regional@uol.com.br<\/a><\/p>\n<p><a href=\"mailto:revista.regional@uol.com.br\" target=\"_blank\" rel=\"noopener noreferrer\" data-auth=\"NotApplicable\">revista.regional@uol.com.br<\/a><\/p>\n<p><strong>Telefones:<\/strong><br \/>\n(11) 4028-3128 | (19) 98202-1988<\/p>\n<p><strong>Endere\u00e7o:<\/strong><br \/>\nR. Albuquerque Lins, 415<br \/>\nVila Teixeira, Salto\/SP<br \/>\nCEP: 13320-340<\/p>\n","protected":false},"excerpt":{"rendered":"<p>Editora Clipping: produtos de qualidade com credibilidade A EDITORA CLIPPING COMUNICA\u00c7\u00c3O LTDA. est\u00e1 no mercado regional de Itu, Salto e Indaiatuba desde 2003, sendo atualmente respons\u00e1vel por algumas das maiores publica\u00e7\u00f5es em revista do eixo Sorocaba-Campinas, no Interior paulista: a REVISTA REGIONAL, REGIONAL CASA e REGIONAL NOIVAS. Hoje, a REVISTA REGIONAL \u00e9 considerada a maior [&hellip;]<\/p>\n","protected":false},"author":1,"featured_media":0,"parent":0,"menu_order":0,"comment_status":"closed","ping_status":"closed","template":"","meta":{"_acf_changed":false,"ngg_post_thumbnail":0,"_joinchat":[],"footnotes":""},"class_list":["post-25","page","type-page","status-publish","hentry"],"acf":[],"yoast_head":"<!-- This site is optimized with the Yoast SEO plugin v27.4 - https:\/\/yoast.com\/product\/yoast-seo-wordpress\/ -->\n<title>Editora Clipping - Revista Regional<\/title>\n<meta name=\"robots\" content=\"index, follow, max-snippet:-1, max-image-preview:large, max-video-preview:-1\" \/>\n<link rel=\"canonical\" href=\"https:\/\/revistaregional.com.br\/site\/editora-clipping\/\" \/>\n<meta property=\"og:locale\" content=\"pt_BR\" \/>\n<meta property=\"og:type\" content=\"article\" \/>\n<meta property=\"og:title\" content=\"Editora Clipping - Revista Regional\" \/>\n<meta property=\"og:description\" content=\"Editora Clipping: produtos de qualidade com credibilidade A EDITORA CLIPPING COMUNICA\u00c7\u00c3O LTDA. est\u00e1 no mercado regional de Itu, Salto e Indaiatuba desde 2003, sendo atualmente respons\u00e1vel por algumas das maiores publica\u00e7\u00f5es em revista do eixo Sorocaba-Campinas, no Interior paulista: a REVISTA REGIONAL, REGIONAL CASA e REGIONAL NOIVAS. Hoje, a REVISTA REGIONAL \u00e9 considerada a maior [&hellip;]\" \/>\n<meta property=\"og:url\" content=\"https:\/\/revistaregional.com.br\/site\/editora-clipping\/\" \/>\n<meta property=\"og:site_name\" content=\"Revista Regional\" \/>\n<meta property=\"article:modified_time\" content=\"2024-01-17T09:38:25+00:00\" \/>\n<meta name=\"twitter:card\" content=\"summary_large_image\" \/>\n<meta name=\"twitter:label1\" content=\"Est. tempo de leitura\" \/>\n\t<meta name=\"twitter:data1\" content=\"1 minuto\" \/>\n<script type=\"application\/ld+json\" class=\"yoast-schema-graph\">{\"@context\":\"https:\\\/\\\/schema.org\",\"@graph\":[{\"@type\":\"WebPage\",\"@id\":\"https:\\\/\\\/revistaregional.com.br\\\/site\\\/editora-clipping\\\/\",\"url\":\"https:\\\/\\\/revistaregional.com.br\\\/site\\\/editora-clipping\\\/\",\"name\":\"Editora Clipping - Revista Regional\",\"isPartOf\":{\"@id\":\"https:\\\/\\\/revistaregional.com.br\\\/site\\\/#website\"},\"datePublished\":\"2010-11-17T19:59:06+00:00\",\"dateModified\":\"2024-01-17T09:38:25+00:00\",\"breadcrumb\":{\"@id\":\"https:\\\/\\\/revistaregional.com.br\\\/site\\\/editora-clipping\\\/#breadcrumb\"},\"inLanguage\":\"pt-BR\",\"potentialAction\":[{\"@type\":\"ReadAction\",\"target\":[\"https:\\\/\\\/revistaregional.com.br\\\/site\\\/editora-clipping\\\/\"]}]},{\"@type\":\"BreadcrumbList\",\"@id\":\"https:\\\/\\\/revistaregional.com.br\\\/site\\\/editora-clipping\\\/#breadcrumb\",\"itemListElement\":[{\"@type\":\"ListItem\",\"position\":1,\"name\":\"In\u00edcio\",\"item\":\"https:\\\/\\\/revistaregional.com.br\\\/site\\\/\"},{\"@type\":\"ListItem\",\"position\":2,\"name\":\"Editora Clipping\"}]},{\"@type\":\"WebSite\",\"@id\":\"https:\\\/\\\/revistaregional.com.br\\\/site\\\/#website\",\"url\":\"https:\\\/\\\/revistaregional.com.br\\\/site\\\/\",\"name\":\"Revista Regional\",\"description\":\"Salto - Itu - Indaituba\",\"potentialAction\":[{\"@type\":\"SearchAction\",\"target\":{\"@type\":\"EntryPoint\",\"urlTemplate\":\"https:\\\/\\\/revistaregional.com.br\\\/site\\\/?s={search_term_string}\"},\"query-input\":{\"@type\":\"PropertyValueSpecification\",\"valueRequired\":true,\"valueName\":\"search_term_string\"}}],\"inLanguage\":\"pt-BR\"}]}<\/script>\n<!-- \/ Yoast SEO plugin. -->","yoast_head_json":{"title":"Editora Clipping - Revista Regional","robots":{"index":"index","follow":"follow","max-snippet":"max-snippet:-1","max-image-preview":"max-image-preview:large","max-video-preview":"max-video-preview:-1"},"canonical":"https:\/\/revistaregional.com.br\/site\/editora-clipping\/","og_locale":"pt_BR","og_type":"article","og_title":"Editora Clipping - Revista Regional","og_description":"Editora Clipping: produtos de qualidade com credibilidade A EDITORA CLIPPING COMUNICA\u00c7\u00c3O LTDA. est\u00e1 no mercado regional de Itu, Salto e Indaiatuba desde 2003, sendo atualmente respons\u00e1vel por algumas das maiores publica\u00e7\u00f5es em revista do eixo Sorocaba-Campinas, no Interior paulista: a REVISTA REGIONAL, REGIONAL CASA e REGIONAL NOIVAS. Hoje, a REVISTA REGIONAL \u00e9 considerada a maior [&hellip;]","og_url":"https:\/\/revistaregional.com.br\/site\/editora-clipping\/","og_site_name":"Revista Regional","article_modified_time":"2024-01-17T09:38:25+00:00","twitter_card":"summary_large_image","twitter_misc":{"Est. tempo de leitura":"1 minuto"},"schema":{"@context":"https:\/\/schema.org","@graph":[{"@type":"WebPage","@id":"https:\/\/revistaregional.com.br\/site\/editora-clipping\/","url":"https:\/\/revistaregional.com.br\/site\/editora-clipping\/","name":"Editora Clipping - Revista Regional","isPartOf":{"@id":"https:\/\/revistaregional.com.br\/site\/#website"},"datePublished":"2010-11-17T19:59:06+00:00","dateModified":"2024-01-17T09:38:25+00:00","breadcrumb":{"@id":"https:\/\/revistaregional.com.br\/site\/editora-clipping\/#breadcrumb"},"inLanguage":"pt-BR","potentialAction":[{"@type":"ReadAction","target":["https:\/\/revistaregional.com.br\/site\/editora-clipping\/"]}]},{"@type":"BreadcrumbList","@id":"https:\/\/revistaregional.com.br\/site\/editora-clipping\/#breadcrumb","itemListElement":[{"@type":"ListItem","position":1,"name":"In\u00edcio","item":"https:\/\/revistaregional.com.br\/site\/"},{"@type":"ListItem","position":2,"name":"Editora Clipping"}]},{"@type":"WebSite","@id":"https:\/\/revistaregional.com.br\/site\/#website","url":"https:\/\/revistaregional.com.br\/site\/","name":"Revista Regional","description":"Salto - Itu - Indaituba","potentialAction":[{"@type":"SearchAction","target":{"@type":"EntryPoint","urlTemplate":"https:\/\/revistaregional.com.br\/site\/?s={search_term_string}"},"query-input":{"@type":"PropertyValueSpecification","valueRequired":true,"valueName":"search_term_string"}}],"inLanguage":"pt-BR"}]}},"_links":{"self":[{"href":"https:\/\/revistaregional.com.br\/site\/wp-json\/wp\/v2\/pages\/25","targetHints":{"allow":["GET"]}}],"collection":[{"href":"https:\/\/revistaregional.com.br\/site\/wp-json\/wp\/v2\/pages"}],"about":[{"href":"https:\/\/revistaregional.com.br\/site\/wp-json\/wp\/v2\/types\/page"}],"author":[{"embeddable":true,"href":"https:\/\/revistaregional.com.br\/site\/wp-json\/wp\/v2\/users\/1"}],"replies":[{"embeddable":true,"href":"https:\/\/revistaregional.com.br\/site\/wp-json\/wp\/v2\/comments?post=25"}],"version-history":[{"count":5,"href":"https:\/\/revistaregional.com.br\/site\/wp-json\/wp\/v2\/pages\/25\/revisions"}],"predecessor-version":[{"id":31641,"href":"https:\/\/revistaregional.com.br\/site\/wp-json\/wp\/v2\/pages\/25\/revisions\/31641"}],"wp:attachment":[{"href":"https:\/\/revistaregional.com.br\/site\/wp-json\/wp\/v2\/media?parent=25"}],"curies":[{"name":"wp","href":"https:\/\/api.w.org\/{rel}","templated":true}]}}