{"id":2,"date":"2010-10-22T09:10:56","date_gmt":"2010-10-22T09:10:56","guid":{"rendered":"http:\/\/revistaregional.com.br\/site\/?page_id=2"},"modified":"2019-09-23T13:50:42","modified_gmt":"2019-09-23T13:50:42","slug":"sobre","status":"publish","type":"page","link":"https:\/\/revistaregional.com.br\/site\/sobre\/","title":{"rendered":"Anuncie na Revista"},"content":{"rendered":"<p>Sucesso e retorno garantido<\/p>\n<p>A REVISTA REGIONAL, publicada pela EDITORA CLIPPING COMUNICA\u00c7\u00c3O LTDA, est\u00e1 no mercado regional desde mar\u00e7o de 2003, com edi\u00e7\u00f5es mensais, direcionada a um seleto p\u00fablico de Itu, Salto e Indaiatuba.<\/p>\n<p><strong>Atualmente, a REVISTA REGIONAL<\/strong> \u00e9 a MAIOR revista MENSAL da regi\u00e3o, no formato 23 x 31 cm e no formato hot melt (lombada quadrada).&nbsp;Com layout moderno e clean, a REVISTA REGIONAL \u00e9 impressa toda em papel couch\u00ea de \u00f3tima qualidade, com acabamento de primeira linha e capa em verniz. Sua linha editorial \u00e9 extremamente atual, fazendo uma conex\u00e3o do que acontece na regi\u00e3o com o mundo, pautada por mat\u00e9rias jornal\u00edsticas regionais, variedades, moda, tend\u00eancias, comportamento, turismo, casa (arquitetura &amp; decora\u00e7\u00e3o), gastronomia, coluna social, mat\u00e9rias de cunho social e de auto-ajuda, cadernos especiais e muito mais&#8230; Os espa\u00e7os publicit\u00e1rios dispon\u00edveis por edi\u00e7\u00e3o s\u00e3o de m\u00f3dulos (1\/3 de rodap\u00e9 e 1\/6 de p\u00e1gina), \u00bd p\u00e1gina, \u00bc de p\u00e1gina, rodap\u00e9, contracapas, p\u00e1ginas duplas e p\u00e1ginas inteiras.<\/p>\n<p>Periodicidade: mensal<br \/>\nCircula\u00e7\u00e3o: dirigida e gratuita aos principais condom\u00ednios de Itu, Salto, Indaiatuba e regi\u00e3o, como o Terras de S. Jos\u00e9, Portela, Margherita, Portal de Itu, Haras S. Luiz, Piccolo Paese, Zuleika Jabour, Haras Paineiras, Monte Belo, Village Milioni, Jardim Theodora, Helvetia Country, Polaris, Vale das Laranjeiras, Gaivotas, Mirante das Acaias, City Castelo, entre outros., al\u00e9m de shoppings, boutiques, cafeterias e restaurantes classes A\/B.<br \/>\nFormato: 23 cm largura x 31 cm altura<br \/>\nMaterial: couch\u00ea 90g2 miolo e capa 170gr2 couch\u00ea com UV<\/p>\n<p><strong>ANUNCIE<\/strong><\/p>\n<p><strong>Email:<\/strong><br \/>\neditoraclipping@uol.com.br<\/p>\n<p><a href=\"mailto:revista.regional@uol.com.br\">revista.regional@uol.com.br<\/a><\/p>\n<p><strong>Telefones:<\/strong><br \/>\n(11) 4028-3128 | (11) 4021-3655<\/p>\n<p><strong>Endere\u00e7o:<\/strong><br \/>\nR. Albuquerque Lins, 415<br \/>\nVila Teixeira, Salto\/SP<br \/>\nCEP: 13320-340<\/p>\n","protected":false},"excerpt":{"rendered":"<p>Sucesso e retorno garantido A REVISTA REGIONAL, publicada pela EDITORA CLIPPING COMUNICA\u00c7\u00c3O LTDA, est\u00e1 no mercado regional desde mar\u00e7o de 2003, com edi\u00e7\u00f5es mensais, direcionada a um seleto p\u00fablico de Itu, Salto e Indaiatuba. Atualmente, a REVISTA REGIONAL \u00e9 a MAIOR revista MENSAL da regi\u00e3o, no formato 23 x 31 cm e no formato hot [&hellip;]<\/p>\n","protected":false},"author":1,"featured_media":0,"parent":0,"menu_order":1,"comment_status":"closed","ping_status":"closed","template":"","meta":{"_acf_changed":false,"ngg_post_thumbnail":0,"_joinchat":[],"footnotes":""},"class_list":["post-2","page","type-page","status-publish","hentry"],"acf":[],"yoast_head":"<!-- This site is optimized with the Yoast SEO plugin v27.4 - https:\/\/yoast.com\/product\/yoast-seo-wordpress\/ -->\n<title>Anuncie na Revista - Revista Regional<\/title>\n<meta name=\"robots\" content=\"index, follow, max-snippet:-1, max-image-preview:large, max-video-preview:-1\" \/>\n<link rel=\"canonical\" href=\"https:\/\/revistaregional.com.br\/site\/sobre\/\" \/>\n<meta property=\"og:locale\" content=\"pt_BR\" \/>\n<meta property=\"og:type\" content=\"article\" \/>\n<meta property=\"og:title\" content=\"Anuncie na Revista - Revista Regional\" \/>\n<meta property=\"og:description\" content=\"Sucesso e retorno garantido A REVISTA REGIONAL, publicada pela EDITORA CLIPPING COMUNICA\u00c7\u00c3O LTDA, est\u00e1 no mercado regional desde mar\u00e7o de 2003, com edi\u00e7\u00f5es mensais, direcionada a um seleto p\u00fablico de Itu, Salto e Indaiatuba. Atualmente, a REVISTA REGIONAL \u00e9 a MAIOR revista MENSAL da regi\u00e3o, no formato 23 x 31 cm e no formato hot [&hellip;]\" \/>\n<meta property=\"og:url\" content=\"https:\/\/revistaregional.com.br\/site\/sobre\/\" \/>\n<meta property=\"og:site_name\" content=\"Revista Regional\" \/>\n<meta property=\"article:modified_time\" content=\"2019-09-23T13:50:42+00:00\" \/>\n<meta name=\"twitter:card\" content=\"summary_large_image\" \/>\n<meta name=\"twitter:label1\" content=\"Est. tempo de leitura\" \/>\n\t<meta name=\"twitter:data1\" content=\"1 minuto\" \/>\n<script type=\"application\/ld+json\" class=\"yoast-schema-graph\">{\"@context\":\"https:\\\/\\\/schema.org\",\"@graph\":[{\"@type\":\"WebPage\",\"@id\":\"https:\\\/\\\/revistaregional.com.br\\\/site\\\/sobre\\\/\",\"url\":\"https:\\\/\\\/revistaregional.com.br\\\/site\\\/sobre\\\/\",\"name\":\"Anuncie na Revista - Revista Regional\",\"isPartOf\":{\"@id\":\"https:\\\/\\\/revistaregional.com.br\\\/site\\\/#website\"},\"datePublished\":\"2010-10-22T09:10:56+00:00\",\"dateModified\":\"2019-09-23T13:50:42+00:00\",\"breadcrumb\":{\"@id\":\"https:\\\/\\\/revistaregional.com.br\\\/site\\\/sobre\\\/#breadcrumb\"},\"inLanguage\":\"pt-BR\",\"potentialAction\":[{\"@type\":\"ReadAction\",\"target\":[\"https:\\\/\\\/revistaregional.com.br\\\/site\\\/sobre\\\/\"]}]},{\"@type\":\"BreadcrumbList\",\"@id\":\"https:\\\/\\\/revistaregional.com.br\\\/site\\\/sobre\\\/#breadcrumb\",\"itemListElement\":[{\"@type\":\"ListItem\",\"position\":1,\"name\":\"In\u00edcio\",\"item\":\"https:\\\/\\\/revistaregional.com.br\\\/site\\\/\"},{\"@type\":\"ListItem\",\"position\":2,\"name\":\"Anuncie na Revista\"}]},{\"@type\":\"WebSite\",\"@id\":\"https:\\\/\\\/revistaregional.com.br\\\/site\\\/#website\",\"url\":\"https:\\\/\\\/revistaregional.com.br\\\/site\\\/\",\"name\":\"Revista Regional\",\"description\":\"Salto - Itu - Indaituba\",\"potentialAction\":[{\"@type\":\"SearchAction\",\"target\":{\"@type\":\"EntryPoint\",\"urlTemplate\":\"https:\\\/\\\/revistaregional.com.br\\\/site\\\/?s={search_term_string}\"},\"query-input\":{\"@type\":\"PropertyValueSpecification\",\"valueRequired\":true,\"valueName\":\"search_term_string\"}}],\"inLanguage\":\"pt-BR\"}]}<\/script>\n<!-- \/ Yoast SEO plugin. -->","yoast_head_json":{"title":"Anuncie na Revista - Revista Regional","robots":{"index":"index","follow":"follow","max-snippet":"max-snippet:-1","max-image-preview":"max-image-preview:large","max-video-preview":"max-video-preview:-1"},"canonical":"https:\/\/revistaregional.com.br\/site\/sobre\/","og_locale":"pt_BR","og_type":"article","og_title":"Anuncie na Revista - Revista Regional","og_description":"Sucesso e retorno garantido A REVISTA REGIONAL, publicada pela EDITORA CLIPPING COMUNICA\u00c7\u00c3O LTDA, est\u00e1 no mercado regional desde mar\u00e7o de 2003, com edi\u00e7\u00f5es mensais, direcionada a um seleto p\u00fablico de Itu, Salto e Indaiatuba. Atualmente, a REVISTA REGIONAL \u00e9 a MAIOR revista MENSAL da regi\u00e3o, no formato 23 x 31 cm e no formato hot [&hellip;]","og_url":"https:\/\/revistaregional.com.br\/site\/sobre\/","og_site_name":"Revista Regional","article_modified_time":"2019-09-23T13:50:42+00:00","twitter_card":"summary_large_image","twitter_misc":{"Est. tempo de leitura":"1 minuto"},"schema":{"@context":"https:\/\/schema.org","@graph":[{"@type":"WebPage","@id":"https:\/\/revistaregional.com.br\/site\/sobre\/","url":"https:\/\/revistaregional.com.br\/site\/sobre\/","name":"Anuncie na Revista - Revista Regional","isPartOf":{"@id":"https:\/\/revistaregional.com.br\/site\/#website"},"datePublished":"2010-10-22T09:10:56+00:00","dateModified":"2019-09-23T13:50:42+00:00","breadcrumb":{"@id":"https:\/\/revistaregional.com.br\/site\/sobre\/#breadcrumb"},"inLanguage":"pt-BR","potentialAction":[{"@type":"ReadAction","target":["https:\/\/revistaregional.com.br\/site\/sobre\/"]}]},{"@type":"BreadcrumbList","@id":"https:\/\/revistaregional.com.br\/site\/sobre\/#breadcrumb","itemListElement":[{"@type":"ListItem","position":1,"name":"In\u00edcio","item":"https:\/\/revistaregional.com.br\/site\/"},{"@type":"ListItem","position":2,"name":"Anuncie na Revista"}]},{"@type":"WebSite","@id":"https:\/\/revistaregional.com.br\/site\/#website","url":"https:\/\/revistaregional.com.br\/site\/","name":"Revista Regional","description":"Salto - Itu - Indaituba","potentialAction":[{"@type":"SearchAction","target":{"@type":"EntryPoint","urlTemplate":"https:\/\/revistaregional.com.br\/site\/?s={search_term_string}"},"query-input":{"@type":"PropertyValueSpecification","valueRequired":true,"valueName":"search_term_string"}}],"inLanguage":"pt-BR"}]}},"_links":{"self":[{"href":"https:\/\/revistaregional.com.br\/site\/wp-json\/wp\/v2\/pages\/2","targetHints":{"allow":["GET"]}}],"collection":[{"href":"https:\/\/revistaregional.com.br\/site\/wp-json\/wp\/v2\/pages"}],"about":[{"href":"https:\/\/revistaregional.com.br\/site\/wp-json\/wp\/v2\/types\/page"}],"author":[{"embeddable":true,"href":"https:\/\/revistaregional.com.br\/site\/wp-json\/wp\/v2\/users\/1"}],"replies":[{"embeddable":true,"href":"https:\/\/revistaregional.com.br\/site\/wp-json\/wp\/v2\/comments?post=2"}],"version-history":[{"count":5,"href":"https:\/\/revistaregional.com.br\/site\/wp-json\/wp\/v2\/pages\/2\/revisions"}],"predecessor-version":[{"id":20147,"href":"https:\/\/revistaregional.com.br\/site\/wp-json\/wp\/v2\/pages\/2\/revisions\/20147"}],"wp:attachment":[{"href":"https:\/\/revistaregional.com.br\/site\/wp-json\/wp\/v2\/media?parent=2"}],"curies":[{"name":"wp","href":"https:\/\/api.w.org\/{rel}","templated":true}]}}