{"id":18956,"date":"2019-04-16T22:39:49","date_gmt":"2019-04-16T22:39:49","guid":{"rendered":"https:\/\/revistaregional.com.br\/site\/?page_id=18956"},"modified":"2024-01-15T08:17:14","modified_gmt":"2024-01-15T11:17:14","slug":"app-regional","status":"publish","type":"page","link":"https:\/\/revistaregional.com.br\/site\/app-regional\/","title":{"rendered":"APP Regional"},"content":{"rendered":"\t\t<div data-elementor-type=\"wp-page\" data-elementor-id=\"18956\" class=\"elementor elementor-18956\" data-elementor-post-type=\"page\">\n\t\t\t\t<div class=\"elementor-element elementor-element-29ed097 elementor-hidden-tablet elementor-hidden-mobile e-flex e-con-boxed e-con e-parent\" data-id=\"29ed097\" data-element_type=\"container\" data-e-type=\"container\" data-settings=\"{&quot;background_background&quot;:&quot;classic&quot;}\">\n\t\t\t\t\t<div class=\"e-con-inner\">\n\t\t<div class=\"elementor-element elementor-element-2bdf42c e-con-full e-flex e-con e-child\" data-id=\"2bdf42c\" data-element_type=\"container\" data-e-type=\"container\">\n\t\t\t\t<\/div>\n\t\t<div class=\"elementor-element elementor-element-ea77cbd e-con-full e-flex e-con e-child\" data-id=\"ea77cbd\" data-element_type=\"container\" data-e-type=\"container\">\n\t\t\t\t<\/div>\n\t\t<div class=\"elementor-element elementor-element-bdfadaf e-con-full e-flex e-con e-child\" data-id=\"bdfadaf\" data-element_type=\"container\" data-e-type=\"container\">\n\t\t\t\t<div class=\"elementor-element elementor-element-9881639 elementor-widget elementor-widget-image\" data-id=\"9881639\" data-element_type=\"widget\" data-e-type=\"widget\" data-widget_type=\"image.default\">\n\t\t\t\t<div class=\"elementor-widget-container\">\n\t\t\t\t\t\t\t\t\t\t\t\t\t\t\t\t<a href=\"https:\/\/play.google.com\/store\/apps\/details?id=com.br.agenciab2a.regional\" target=\"_blank\" rel=\"nofollow\">\n\t\t\t\t\t\t\t<img decoding=\"async\" width=\"318\" height=\"99\" src=\"https:\/\/revistaregional.com.br\/site\/wp-content\/uploads\/2019\/04\/google_play.png\" class=\"attachment-large size-large wp-image-18963\" alt=\"\" srcset=\"https:\/\/revistaregional.com.br\/site\/wp-content\/uploads\/2019\/04\/google_play.png 318w, https:\/\/revistaregional.com.br\/site\/wp-content\/uploads\/2019\/04\/google_play-300x93.png 300w, https:\/\/revistaregional.com.br\/site\/wp-content\/uploads\/2019\/04\/google_play-150x47.png 150w\" sizes=\"(max-width: 318px) 100vw, 318px\" \/>\t\t\t\t\t\t\t\t<\/a>\n\t\t\t\t\t\t\t\t\t\t\t\t\t\t\t<\/div>\n\t\t\t\t<\/div>\n\t\t\t\t<\/div>\n\t\t<div class=\"elementor-element elementor-element-6287128 e-con-full e-flex e-con e-child\" data-id=\"6287128\" data-element_type=\"container\" data-e-type=\"container\">\n\t\t\t\t<div class=\"elementor-element elementor-element-89a88ce elementor-widget elementor-widget-image\" data-id=\"89a88ce\" data-element_type=\"widget\" data-e-type=\"widget\" data-widget_type=\"image.default\">\n\t\t\t\t<div class=\"elementor-widget-container\">\n\t\t\t\t\t\t\t\t\t\t\t\t\t\t\t\t<a href=\"https:\/\/itunes.apple.com\/br\/app\/revista-regional\/id1436045766#?platform=ipad\" target=\"_blank\" rel=\"nofollow\">\n\t\t\t\t\t\t\t<img decoding=\"async\" width=\"318\" height=\"99\" src=\"https:\/\/revistaregional.com.br\/site\/wp-content\/uploads\/2019\/04\/apple_store.png\" class=\"attachment-large size-large wp-image-18958\" alt=\"\" srcset=\"https:\/\/revistaregional.com.br\/site\/wp-content\/uploads\/2019\/04\/apple_store.png 318w, https:\/\/revistaregional.com.br\/site\/wp-content\/uploads\/2019\/04\/apple_store-300x93.png 300w, https:\/\/revistaregional.com.br\/site\/wp-content\/uploads\/2019\/04\/apple_store-150x47.png 150w\" sizes=\"(max-width: 318px) 100vw, 318px\" \/>\t\t\t\t\t\t\t\t<\/a>\n\t\t\t\t\t\t\t\t\t\t\t\t\t\t\t<\/div>\n\t\t\t\t<\/div>\n\t\t\t\t<\/div>\n\t\t\t\t\t<\/div>\n\t\t\t\t<\/div>\n\t\t<div class=\"elementor-element elementor-element-e6207b0 elementor-hidden-desktop e-flex e-con-boxed e-con e-parent\" data-id=\"e6207b0\" data-element_type=\"container\" data-e-type=\"container\" data-settings=\"{&quot;background_background&quot;:&quot;classic&quot;}\">\n\t\t\t\t\t<div class=\"e-con-inner\">\n\t\t\t\t<div class=\"elementor-element elementor-element-c7442a5 elementor-widget elementor-widget-image\" data-id=\"c7442a5\" data-element_type=\"widget\" data-e-type=\"widget\" data-widget_type=\"image.default\">\n\t\t\t\t<div class=\"elementor-widget-container\">\n\t\t\t\t\t\t\t\t\t\t\t\t\t\t\t<img fetchpriority=\"high\" decoding=\"async\" width=\"694\" height=\"123\" src=\"https:\/\/revistaregional.com.br\/site\/wp-content\/uploads\/2019\/04\/logotipo_app_regional.png\" class=\"attachment-large size-large wp-image-18964\" alt=\"\" srcset=\"https:\/\/revistaregional.com.br\/site\/wp-content\/uploads\/2019\/04\/logotipo_app_regional.png 694w, https:\/\/revistaregional.com.br\/site\/wp-content\/uploads\/2019\/04\/logotipo_app_regional-300x53.png 300w, https:\/\/revistaregional.com.br\/site\/wp-content\/uploads\/2019\/04\/logotipo_app_regional-150x27.png 150w\" sizes=\"(max-width: 694px) 100vw, 694px\" \/>\t\t\t\t\t\t\t\t\t\t\t\t\t\t\t<\/div>\n\t\t\t\t<\/div>\n\t\t\t\t<div class=\"elementor-element elementor-element-e6cfb78 elementor-widget elementor-widget-text-editor\" data-id=\"e6cfb78\" data-element_type=\"widget\" data-e-type=\"widget\" data-widget_type=\"text-editor.default\">\n\t\t\t\t<div class=\"elementor-widget-container\">\n\t\t\t\t\t\t\t\t\tBaixe o aplicativo da Revista Regional e fique atualizado com not\u00edcias de cultura, moda, comportamento, eventos da regi\u00e3o, al\u00e9m de acesso \u00e0s edi\u00e7\u00f5es mensais. Voc\u00ea ainda recebe diariamente notifica\u00e7\u00f5es sobre mat\u00e9rias e atualiza\u00e7\u00f5es.\t\t\t\t\t\t\t\t<\/div>\n\t\t\t\t<\/div>\n\t\t\t\t<div class=\"elementor-element elementor-element-9388976 elementor-widget elementor-widget-image\" data-id=\"9388976\" data-element_type=\"widget\" data-e-type=\"widget\" data-widget_type=\"image.default\">\n\t\t\t\t<div class=\"elementor-widget-container\">\n\t\t\t\t\t\t\t\t\t\t\t\t\t\t\t<img loading=\"lazy\" decoding=\"async\" width=\"477\" height=\"590\" src=\"https:\/\/revistaregional.com.br\/site\/wp-content\/uploads\/2019\/04\/celular.png\" class=\"attachment-large size-large wp-image-18962\" alt=\"\" srcset=\"https:\/\/revistaregional.com.br\/site\/wp-content\/uploads\/2019\/04\/celular.png 477w, https:\/\/revistaregional.com.br\/site\/wp-content\/uploads\/2019\/04\/celular-243x300.png 243w, https:\/\/revistaregional.com.br\/site\/wp-content\/uploads\/2019\/04\/celular-121x150.png 121w\" sizes=\"(max-width: 477px) 100vw, 477px\" \/>\t\t\t\t\t\t\t\t\t\t\t\t\t\t\t<\/div>\n\t\t\t\t<\/div>\n\t\t\t\t\t<\/div>\n\t\t\t\t<\/div>\n\t\t<div class=\"elementor-element elementor-element-09d5a16 elementor-hidden-desktop e-flex e-con-boxed e-con e-parent\" data-id=\"09d5a16\" data-element_type=\"container\" data-e-type=\"container\" data-settings=\"{&quot;background_background&quot;:&quot;classic&quot;}\">\n\t\t\t\t\t<div class=\"e-con-inner\">\n\t\t\t\t<div class=\"elementor-element elementor-element-90633fd elementor-widget elementor-widget-image\" data-id=\"90633fd\" data-element_type=\"widget\" data-e-type=\"widget\" data-widget_type=\"image.default\">\n\t\t\t\t<div class=\"elementor-widget-container\">\n\t\t\t\t\t\t\t\t\t\t\t\t\t\t\t\t<a href=\"https:\/\/play.google.com\/store\/apps\/details?id=com.br.agenciab2a.regional\" target=\"_blank\" rel=\"nofollow\">\n\t\t\t\t\t\t\t<img decoding=\"async\" width=\"318\" height=\"99\" src=\"https:\/\/revistaregional.com.br\/site\/wp-content\/uploads\/2019\/04\/google_play.png\" class=\"attachment-large size-large wp-image-18963\" alt=\"\" srcset=\"https:\/\/revistaregional.com.br\/site\/wp-content\/uploads\/2019\/04\/google_play.png 318w, https:\/\/revistaregional.com.br\/site\/wp-content\/uploads\/2019\/04\/google_play-300x93.png 300w, https:\/\/revistaregional.com.br\/site\/wp-content\/uploads\/2019\/04\/google_play-150x47.png 150w\" sizes=\"(max-width: 318px) 100vw, 318px\" \/>\t\t\t\t\t\t\t\t<\/a>\n\t\t\t\t\t\t\t\t\t\t\t\t\t\t\t<\/div>\n\t\t\t\t<\/div>\n\t\t\t\t<div class=\"elementor-element elementor-element-b1a6005 elementor-widget elementor-widget-image\" data-id=\"b1a6005\" data-element_type=\"widget\" data-e-type=\"widget\" data-widget_type=\"image.default\">\n\t\t\t\t<div class=\"elementor-widget-container\">\n\t\t\t\t\t\t\t\t\t\t\t\t\t\t\t\t<a href=\"https:\/\/apps.apple.com\/br\/app\/revista-regional\/id1436045766#?platform=ipad\" target=\"_blank\" rel=\"nofollow\">\n\t\t\t\t\t\t\t<img decoding=\"async\" width=\"318\" height=\"99\" src=\"https:\/\/revistaregional.com.br\/site\/wp-content\/uploads\/2019\/04\/apple_store.png\" class=\"attachment-large size-large wp-image-18958\" alt=\"\" srcset=\"https:\/\/revistaregional.com.br\/site\/wp-content\/uploads\/2019\/04\/apple_store.png 318w, https:\/\/revistaregional.com.br\/site\/wp-content\/uploads\/2019\/04\/apple_store-300x93.png 300w, https:\/\/revistaregional.com.br\/site\/wp-content\/uploads\/2019\/04\/apple_store-150x47.png 150w\" sizes=\"(max-width: 318px) 100vw, 318px\" \/>\t\t\t\t\t\t\t\t<\/a>\n\t\t\t\t\t\t\t\t\t\t\t\t\t\t\t<\/div>\n\t\t\t\t<\/div>\n\t\t\t\t\t<\/div>\n\t\t\t\t<\/div>\n\t\t\t\t<\/div>\n\t\t","protected":false},"excerpt":{"rendered":"<p>Baixe o aplicativo da Revista Regional e fique atualizado com not\u00edcias de cultura, moda, comportamento, eventos da regi\u00e3o, al\u00e9m de acesso \u00e0s edi\u00e7\u00f5es mensais. Voc\u00ea ainda recebe diariamente notifica\u00e7\u00f5es sobre mat\u00e9rias e atualiza\u00e7\u00f5es.<\/p>\n","protected":false},"author":1,"featured_media":0,"parent":0,"menu_order":0,"comment_status":"closed","ping_status":"closed","template":"templates\/template-onecolumn.php","meta":{"_acf_changed":false,"ngg_post_thumbnail":0,"_joinchat":[],"footnotes":""},"class_list":["post-18956","page","type-page","status-publish","hentry"],"acf":[],"yoast_head":"<!-- This site is optimized with the Yoast SEO plugin v27.4 - https:\/\/yoast.com\/product\/yoast-seo-wordpress\/ -->\n<title>APP Regional - Revista Regional<\/title>\n<meta name=\"robots\" content=\"index, follow, max-snippet:-1, max-image-preview:large, max-video-preview:-1\" \/>\n<link rel=\"canonical\" href=\"https:\/\/revistaregional.com.br\/site\/app-regional\/\" \/>\n<meta property=\"og:locale\" content=\"pt_BR\" \/>\n<meta property=\"og:type\" content=\"article\" \/>\n<meta property=\"og:title\" content=\"APP Regional - Revista Regional\" \/>\n<meta property=\"og:description\" content=\"Baixe o aplicativo da Revista Regional e fique atualizado com not\u00edcias de cultura, moda, comportamento, eventos da regi\u00e3o, al\u00e9m de acesso \u00e0s edi\u00e7\u00f5es mensais. Voc\u00ea ainda recebe diariamente notifica\u00e7\u00f5es sobre mat\u00e9rias e atualiza\u00e7\u00f5es.\" \/>\n<meta property=\"og:url\" content=\"https:\/\/revistaregional.com.br\/site\/app-regional\/\" \/>\n<meta property=\"og:site_name\" content=\"Revista Regional\" \/>\n<meta property=\"article:modified_time\" content=\"2024-01-15T11:17:14+00:00\" \/>\n<meta property=\"og:image\" content=\"https:\/\/revistaregional.com.br\/site\/wp-content\/uploads\/2019\/04\/google_play.png\" \/>\n<meta name=\"twitter:card\" content=\"summary_large_image\" \/>\n<meta name=\"twitter:label1\" content=\"Est. tempo de leitura\" \/>\n\t<meta name=\"twitter:data1\" content=\"2 minutos\" \/>\n<script type=\"application\/ld+json\" class=\"yoast-schema-graph\">{\"@context\":\"https:\\\/\\\/schema.org\",\"@graph\":[{\"@type\":\"WebPage\",\"@id\":\"https:\\\/\\\/revistaregional.com.br\\\/site\\\/app-regional\\\/\",\"url\":\"https:\\\/\\\/revistaregional.com.br\\\/site\\\/app-regional\\\/\",\"name\":\"APP Regional - Revista Regional\",\"isPartOf\":{\"@id\":\"https:\\\/\\\/revistaregional.com.br\\\/site\\\/#website\"},\"primaryImageOfPage\":{\"@id\":\"https:\\\/\\\/revistaregional.com.br\\\/site\\\/app-regional\\\/#primaryimage\"},\"image\":{\"@id\":\"https:\\\/\\\/revistaregional.com.br\\\/site\\\/app-regional\\\/#primaryimage\"},\"thumbnailUrl\":\"https:\\\/\\\/revistaregional.com.br\\\/site\\\/wp-content\\\/uploads\\\/2019\\\/04\\\/google_play.png\",\"datePublished\":\"2019-04-16T22:39:49+00:00\",\"dateModified\":\"2024-01-15T11:17:14+00:00\",\"breadcrumb\":{\"@id\":\"https:\\\/\\\/revistaregional.com.br\\\/site\\\/app-regional\\\/#breadcrumb\"},\"inLanguage\":\"pt-BR\",\"potentialAction\":[{\"@type\":\"ReadAction\",\"target\":[\"https:\\\/\\\/revistaregional.com.br\\\/site\\\/app-regional\\\/\"]}]},{\"@type\":\"ImageObject\",\"inLanguage\":\"pt-BR\",\"@id\":\"https:\\\/\\\/revistaregional.com.br\\\/site\\\/app-regional\\\/#primaryimage\",\"url\":\"https:\\\/\\\/revistaregional.com.br\\\/site\\\/wp-content\\\/uploads\\\/2019\\\/04\\\/google_play.png\",\"contentUrl\":\"https:\\\/\\\/revistaregional.com.br\\\/site\\\/wp-content\\\/uploads\\\/2019\\\/04\\\/google_play.png\",\"width\":318,\"height\":99},{\"@type\":\"BreadcrumbList\",\"@id\":\"https:\\\/\\\/revistaregional.com.br\\\/site\\\/app-regional\\\/#breadcrumb\",\"itemListElement\":[{\"@type\":\"ListItem\",\"position\":1,\"name\":\"In\u00edcio\",\"item\":\"https:\\\/\\\/revistaregional.com.br\\\/site\\\/\"},{\"@type\":\"ListItem\",\"position\":2,\"name\":\"APP Regional\"}]},{\"@type\":\"WebSite\",\"@id\":\"https:\\\/\\\/revistaregional.com.br\\\/site\\\/#website\",\"url\":\"https:\\\/\\\/revistaregional.com.br\\\/site\\\/\",\"name\":\"Revista Regional\",\"description\":\"Salto - Itu - Indaituba\",\"potentialAction\":[{\"@type\":\"SearchAction\",\"target\":{\"@type\":\"EntryPoint\",\"urlTemplate\":\"https:\\\/\\\/revistaregional.com.br\\\/site\\\/?s={search_term_string}\"},\"query-input\":{\"@type\":\"PropertyValueSpecification\",\"valueRequired\":true,\"valueName\":\"search_term_string\"}}],\"inLanguage\":\"pt-BR\"}]}<\/script>\n<!-- \/ Yoast SEO plugin. -->","yoast_head_json":{"title":"APP Regional - Revista Regional","robots":{"index":"index","follow":"follow","max-snippet":"max-snippet:-1","max-image-preview":"max-image-preview:large","max-video-preview":"max-video-preview:-1"},"canonical":"https:\/\/revistaregional.com.br\/site\/app-regional\/","og_locale":"pt_BR","og_type":"article","og_title":"APP Regional - Revista Regional","og_description":"Baixe o aplicativo da Revista Regional e fique atualizado com not\u00edcias de cultura, moda, comportamento, eventos da regi\u00e3o, al\u00e9m de acesso \u00e0s edi\u00e7\u00f5es mensais. Voc\u00ea ainda recebe diariamente notifica\u00e7\u00f5es sobre mat\u00e9rias e atualiza\u00e7\u00f5es.","og_url":"https:\/\/revistaregional.com.br\/site\/app-regional\/","og_site_name":"Revista Regional","article_modified_time":"2024-01-15T11:17:14+00:00","og_image":[{"url":"https:\/\/revistaregional.com.br\/site\/wp-content\/uploads\/2019\/04\/google_play.png","type":"","width":"","height":""}],"twitter_card":"summary_large_image","twitter_misc":{"Est. tempo de leitura":"2 minutos"},"schema":{"@context":"https:\/\/schema.org","@graph":[{"@type":"WebPage","@id":"https:\/\/revistaregional.com.br\/site\/app-regional\/","url":"https:\/\/revistaregional.com.br\/site\/app-regional\/","name":"APP Regional - Revista Regional","isPartOf":{"@id":"https:\/\/revistaregional.com.br\/site\/#website"},"primaryImageOfPage":{"@id":"https:\/\/revistaregional.com.br\/site\/app-regional\/#primaryimage"},"image":{"@id":"https:\/\/revistaregional.com.br\/site\/app-regional\/#primaryimage"},"thumbnailUrl":"https:\/\/revistaregional.com.br\/site\/wp-content\/uploads\/2019\/04\/google_play.png","datePublished":"2019-04-16T22:39:49+00:00","dateModified":"2024-01-15T11:17:14+00:00","breadcrumb":{"@id":"https:\/\/revistaregional.com.br\/site\/app-regional\/#breadcrumb"},"inLanguage":"pt-BR","potentialAction":[{"@type":"ReadAction","target":["https:\/\/revistaregional.com.br\/site\/app-regional\/"]}]},{"@type":"ImageObject","inLanguage":"pt-BR","@id":"https:\/\/revistaregional.com.br\/site\/app-regional\/#primaryimage","url":"https:\/\/revistaregional.com.br\/site\/wp-content\/uploads\/2019\/04\/google_play.png","contentUrl":"https:\/\/revistaregional.com.br\/site\/wp-content\/uploads\/2019\/04\/google_play.png","width":318,"height":99},{"@type":"BreadcrumbList","@id":"https:\/\/revistaregional.com.br\/site\/app-regional\/#breadcrumb","itemListElement":[{"@type":"ListItem","position":1,"name":"In\u00edcio","item":"https:\/\/revistaregional.com.br\/site\/"},{"@type":"ListItem","position":2,"name":"APP Regional"}]},{"@type":"WebSite","@id":"https:\/\/revistaregional.com.br\/site\/#website","url":"https:\/\/revistaregional.com.br\/site\/","name":"Revista Regional","description":"Salto - Itu - Indaituba","potentialAction":[{"@type":"SearchAction","target":{"@type":"EntryPoint","urlTemplate":"https:\/\/revistaregional.com.br\/site\/?s={search_term_string}"},"query-input":{"@type":"PropertyValueSpecification","valueRequired":true,"valueName":"search_term_string"}}],"inLanguage":"pt-BR"}]}},"_links":{"self":[{"href":"https:\/\/revistaregional.com.br\/site\/wp-json\/wp\/v2\/pages\/18956","targetHints":{"allow":["GET"]}}],"collection":[{"href":"https:\/\/revistaregional.com.br\/site\/wp-json\/wp\/v2\/pages"}],"about":[{"href":"https:\/\/revistaregional.com.br\/site\/wp-json\/wp\/v2\/types\/page"}],"author":[{"embeddable":true,"href":"https:\/\/revistaregional.com.br\/site\/wp-json\/wp\/v2\/users\/1"}],"replies":[{"embeddable":true,"href":"https:\/\/revistaregional.com.br\/site\/wp-json\/wp\/v2\/comments?post=18956"}],"version-history":[{"count":5,"href":"https:\/\/revistaregional.com.br\/site\/wp-json\/wp\/v2\/pages\/18956\/revisions"}],"predecessor-version":[{"id":31290,"href":"https:\/\/revistaregional.com.br\/site\/wp-json\/wp\/v2\/pages\/18956\/revisions\/31290"}],"wp:attachment":[{"href":"https:\/\/revistaregional.com.br\/site\/wp-json\/wp\/v2\/media?parent=18956"}],"curies":[{"name":"wp","href":"https:\/\/api.w.org\/{rel}","templated":true}]}}