{"id":10945,"date":"2017-08-14T12:28:48","date_gmt":"2017-08-14T12:28:48","guid":{"rendered":"http:\/\/revistaregional.com.br\/site\/?page_id=10945"},"modified":"2024-01-26T08:24:09","modified_gmt":"2024-01-26T11:24:09","slug":"edicoes-anteriores-regional-noivas","status":"publish","type":"page","link":"https:\/\/revistaregional.com.br\/site\/edicoes-anteriores-regional-noivas\/","title":{"rendered":"Edi\u00e7\u00f5es anteriores Regional Noivas"},"content":{"rendered":"\t\t<div data-elementor-type=\"wp-page\" data-elementor-id=\"10945\" class=\"elementor elementor-10945\" data-elementor-post-type=\"page\">\n\t\t\t\t<div class=\"elementor-element elementor-element-d9c068a e-flex e-con-boxed e-con e-parent\" data-id=\"d9c068a\" data-element_type=\"container\" data-e-type=\"container\">\n\t\t\t\t\t<div class=\"e-con-inner\">\n\t\t\t\t<div class=\"elementor-element elementor-element-87829ec elementor-widget elementor-widget-text-editor\" data-id=\"87829ec\" data-element_type=\"widget\" data-e-type=\"widget\" data-widget_type=\"text-editor.default\">\n\t\t\t\t<div class=\"elementor-widget-container\">\n\t\t\t\t\t\t\t\t\t<p>Clique na capa abaixo e folheie a edi\u00e7\u00e3o no m\u00eas!<\/p>\t\t\t\t\t\t\t\t<\/div>\n\t\t\t\t<\/div>\n\t\t\t\t<div class=\"elementor-element elementor-element-a0819cd elementor-grid-3 elementor-grid-tablet-2 elementor-grid-mobile-1 elementor-widget elementor-widget-loop-grid\" data-id=\"a0819cd\" data-element_type=\"widget\" data-e-type=\"widget\" data-settings=\"{&quot;row_gap&quot;:{&quot;unit&quot;:&quot;px&quot;,&quot;size&quot;:30,&quot;sizes&quot;:[]},&quot;template_id&quot;:&quot;31465&quot;,&quot;columns&quot;:3,&quot;masonry&quot;:&quot;yes&quot;,&quot;_skin&quot;:&quot;post&quot;,&quot;columns_tablet&quot;:&quot;2&quot;,&quot;columns_mobile&quot;:&quot;1&quot;,&quot;edit_handle_selector&quot;:&quot;[data-elementor-type=\\&quot;loop-item\\&quot;]&quot;,&quot;row_gap_tablet&quot;:{&quot;unit&quot;:&quot;px&quot;,&quot;size&quot;:&quot;&quot;,&quot;sizes&quot;:[]},&quot;row_gap_mobile&quot;:{&quot;unit&quot;:&quot;px&quot;,&quot;size&quot;:&quot;&quot;,&quot;sizes&quot;:[]}}\" data-widget_type=\"loop-grid.post\">\n\t\t\t\t<div class=\"elementor-widget-container\">\n\t\t\t\t\t\t\t<div class=\"elementor-loop-container elementor-grid\" role=\"list\">\n\t\t<style id=\"loop-31465\">.elementor-31465 .elementor-element.elementor-element-57f1a968{--display:grid;--e-con-grid-template-columns:repeat(1, 1fr);--e-con-grid-template-rows:repeat(1, 1fr);--grid-auto-flow:row;border-style:solid;--border-style:solid;border-width:2px 2px 2px 2px;--border-top-width:2px;--border-right-width:2px;--border-bottom-width:2px;--border-left-width:2px;border-color:#CFCCCC;--border-color:#CFCCCC;--margin-top:0px;--margin-bottom:0px;--margin-left:0px;--margin-right:0px;--padding-top:20px;--padding-bottom:20px;--padding-left:20px;--padding-right:20px;}.elementor-31465 .elementor-element.elementor-element-57f1a968:not(.elementor-motion-effects-element-type-background), .elementor-31465 .elementor-element.elementor-element-57f1a968 > .elementor-motion-effects-container > .elementor-motion-effects-layer{background-color:#F8F8F8;}.elementor-31465 .elementor-element.elementor-element-57f1a968.e-con{--align-self:center;}.elementor-widget-theme-post-featured-image .widget-image-caption{color:var( --e-global-color-text );font-family:var( --e-global-typography-text-font-family ), Sans-serif;font-weight:var( --e-global-typography-text-font-weight );}.elementor-31465 .elementor-element.elementor-element-aacd8e8{text-align:center;}.elementor-31465 .elementor-element.elementor-element-aacd8e8 img{border-style:none;}.elementor-31465 .elementor-element.elementor-element-aacd8e8 .widget-image-caption{text-align:center;color:#FFFFFF;background-color:#000000;font-family:\"Roboto\", Sans-serif;font-weight:500;margin-block-start:0px;}@media(max-width:1024px){.elementor-31465 .elementor-element.elementor-element-57f1a968{--grid-auto-flow:row;}}@media(min-width:768px){.elementor-31465 .elementor-element.elementor-element-57f1a968{--content-width:100%;}}@media(max-width:767px){.elementor-31465 .elementor-element.elementor-element-57f1a968{--e-con-grid-template-columns:repeat(1, 1fr);--grid-auto-flow:row;}}<\/style>\t\t<div data-elementor-type=\"loop-item\" data-elementor-id=\"31465\" class=\"elementor elementor-31465 e-loop-item e-loop-item-31524 post-31524 capas type-capas status-publish has-post-thumbnail hentry categoria-de-revista-noivas\" data-elementor-post-type=\"elementor_library\" data-custom-edit-handle=\"1\">\n\t\t\t<div class=\"elementor-element elementor-element-57f1a968 e-grid e-con-boxed e-con e-parent\" data-id=\"57f1a968\" data-element_type=\"container\" data-e-type=\"container\" data-settings=\"{&quot;background_background&quot;:&quot;classic&quot;}\">\n\t\t\t\t\t<div class=\"e-con-inner\">\n\t\t\t\t<div class=\"elementor-element elementor-element-aacd8e8 elementor-widget elementor-widget-theme-post-featured-image elementor-widget-image\" data-id=\"aacd8e8\" data-element_type=\"widget\" data-e-type=\"widget\" data-widget_type=\"theme-post-featured-image.default\">\n\t\t\t\t<div class=\"elementor-widget-container\">\n\t\t\t\t\t\t\t\t\t\t\t\t<figure class=\"wp-caption\">\n\t\t\t\t\t\t\t\t\t\t\t<a href=\"https:\/\/revistaregional.com.br\/site\/wp-content\/uploads\/2018\/08\/PDF-Revista.PDF-AGOSTO-2018-4.pdf\" target=\"_blank\">\n\t\t\t\t\t\t\t<img fetchpriority=\"high\" decoding=\"async\" width=\"815\" height=\"1099\" src=\"https:\/\/revistaregional.com.br\/site\/wp-content\/uploads\/2018\/05\/regional-ed181-maio1.jpg\" class=\"attachment-full size-full wp-image-15466\" alt=\"\" srcset=\"https:\/\/revistaregional.com.br\/site\/wp-content\/uploads\/2018\/05\/regional-ed181-maio1.jpg 815w, https:\/\/revistaregional.com.br\/site\/wp-content\/uploads\/2018\/05\/regional-ed181-maio1-222x300.jpg 222w, https:\/\/revistaregional.com.br\/site\/wp-content\/uploads\/2018\/05\/regional-ed181-maio1-759x1024.jpg 759w, https:\/\/revistaregional.com.br\/site\/wp-content\/uploads\/2018\/05\/regional-ed181-maio1-111x150.jpg 111w\" sizes=\"(max-width: 815px) 100vw, 815px\" \/>\t\t\t\t\t\t\t\t<\/a>\n\t\t\t\t\t\t\t\t\t\t\t<figcaption class=\"widget-image-caption wp-caption-text\">Regional Noivas \u2013 Edi\u00e7\u00e3o 181<\/figcaption>\n\t\t\t\t\t\t\t\t\t\t<\/figure>\n\t\t\t\t\t\t\t\t\t<\/div>\n\t\t\t\t<\/div>\n\t\t\t\t\t<\/div>\n\t\t\t\t<\/div>\n\t\t\t\t<\/div>\n\t\t\t\t<div data-elementor-type=\"loop-item\" data-elementor-id=\"31465\" class=\"elementor elementor-31465 e-loop-item e-loop-item-31523 post-31523 capas type-capas status-publish has-post-thumbnail hentry categoria-de-revista-noivas\" data-elementor-post-type=\"elementor_library\" data-custom-edit-handle=\"1\">\n\t\t\t<div class=\"elementor-element elementor-element-57f1a968 e-grid e-con-boxed e-con e-parent\" data-id=\"57f1a968\" data-element_type=\"container\" data-e-type=\"container\" data-settings=\"{&quot;background_background&quot;:&quot;classic&quot;}\">\n\t\t\t\t\t<div class=\"e-con-inner\">\n\t\t\t\t<div class=\"elementor-element elementor-element-aacd8e8 elementor-widget elementor-widget-theme-post-featured-image elementor-widget-image\" data-id=\"aacd8e8\" data-element_type=\"widget\" data-e-type=\"widget\" data-widget_type=\"theme-post-featured-image.default\">\n\t\t\t\t<div class=\"elementor-widget-container\">\n\t\t\t\t\t\t\t\t\t\t\t\t<figure class=\"wp-caption\">\n\t\t\t\t\t\t\t\t\t\t\t<a href=\"https:\/\/revistaregional.com.br\/site\/wp-content\/uploads\/2018\/08\/PDF-Revista.PDF-AGOSTO-2018-1.pdf\" target=\"_blank\">\n\t\t\t\t\t\t\t<img decoding=\"async\" width=\"996\" height=\"1343\" src=\"https:\/\/revistaregional.com.br\/site\/wp-content\/uploads\/2018\/08\/regional-ed169-maio57.jpg\" class=\"attachment-full size-full wp-image-16256\" alt=\"\" srcset=\"https:\/\/revistaregional.com.br\/site\/wp-content\/uploads\/2018\/08\/regional-ed169-maio57.jpg 996w, https:\/\/revistaregional.com.br\/site\/wp-content\/uploads\/2018\/08\/regional-ed169-maio57-222x300.jpg 222w, https:\/\/revistaregional.com.br\/site\/wp-content\/uploads\/2018\/08\/regional-ed169-maio57-759x1024.jpg 759w, https:\/\/revistaregional.com.br\/site\/wp-content\/uploads\/2018\/08\/regional-ed169-maio57-111x150.jpg 111w\" sizes=\"(max-width: 996px) 100vw, 996px\" \/>\t\t\t\t\t\t\t\t<\/a>\n\t\t\t\t\t\t\t\t\t\t\t<figcaption class=\"widget-image-caption wp-caption-text\">Regional Noivas \u2013 Edi\u00e7\u00e3o 169<\/figcaption>\n\t\t\t\t\t\t\t\t\t\t<\/figure>\n\t\t\t\t\t\t\t\t\t<\/div>\n\t\t\t\t<\/div>\n\t\t\t\t\t<\/div>\n\t\t\t\t<\/div>\n\t\t\t\t<\/div>\n\t\t\t\t<div data-elementor-type=\"loop-item\" data-elementor-id=\"31465\" class=\"elementor elementor-31465 e-loop-item e-loop-item-31522 post-31522 capas type-capas status-publish has-post-thumbnail hentry categoria-de-revista-noivas\" data-elementor-post-type=\"elementor_library\" data-custom-edit-handle=\"1\">\n\t\t\t<div class=\"elementor-element elementor-element-57f1a968 e-grid e-con-boxed e-con e-parent\" data-id=\"57f1a968\" data-element_type=\"container\" data-e-type=\"container\" data-settings=\"{&quot;background_background&quot;:&quot;classic&quot;}\">\n\t\t\t\t\t<div class=\"e-con-inner\">\n\t\t\t\t<div class=\"elementor-element elementor-element-aacd8e8 elementor-widget elementor-widget-theme-post-featured-image elementor-widget-image\" data-id=\"aacd8e8\" data-element_type=\"widget\" data-e-type=\"widget\" data-widget_type=\"theme-post-featured-image.default\">\n\t\t\t\t<div class=\"elementor-widget-container\">\n\t\t\t\t\t\t\t\t\t\t\t\t<figure class=\"wp-caption\">\n\t\t\t\t\t\t\t\t\t\t\t<a href=\"https:\/\/revistaregional.com.br\/site\/wp-content\/uploads\/2018\/08\/PDF-Revista.PDF-AGOSTO-2018-3.pdf\" target=\"_blank\">\n\t\t\t\t\t\t\t<img decoding=\"async\" width=\"1177\" height=\"1587\" src=\"https:\/\/revistaregional.com.br\/site\/wp-content\/uploads\/2018\/08\/regional-ed57-maio51.jpg\" class=\"attachment-full size-full wp-image-16250\" alt=\"\" srcset=\"https:\/\/revistaregional.com.br\/site\/wp-content\/uploads\/2018\/08\/regional-ed57-maio51.jpg 1177w, https:\/\/revistaregional.com.br\/site\/wp-content\/uploads\/2018\/08\/regional-ed57-maio51-222x300.jpg 222w, https:\/\/revistaregional.com.br\/site\/wp-content\/uploads\/2018\/08\/regional-ed57-maio51-759x1024.jpg 759w, https:\/\/revistaregional.com.br\/site\/wp-content\/uploads\/2018\/08\/regional-ed57-maio51-111x150.jpg 111w\" sizes=\"(max-width: 1177px) 100vw, 1177px\" \/>\t\t\t\t\t\t\t\t<\/a>\n\t\t\t\t\t\t\t\t\t\t\t<figcaption class=\"widget-image-caption wp-caption-text\">Regional Noivas \u2013 Edi\u00e7\u00e3o 57<\/figcaption>\n\t\t\t\t\t\t\t\t\t\t<\/figure>\n\t\t\t\t\t\t\t\t\t<\/div>\n\t\t\t\t<\/div>\n\t\t\t\t\t<\/div>\n\t\t\t\t<\/div>\n\t\t\t\t<\/div>\n\t\t\t\t<div data-elementor-type=\"loop-item\" data-elementor-id=\"31465\" class=\"elementor elementor-31465 e-loop-item e-loop-item-31667 post-31667 capas type-capas status-publish has-post-thumbnail hentry categoria-de-revista-noivas\" data-elementor-post-type=\"elementor_library\" data-custom-edit-handle=\"1\">\n\t\t\t<div class=\"elementor-element elementor-element-57f1a968 e-grid e-con-boxed e-con e-parent\" data-id=\"57f1a968\" data-element_type=\"container\" data-e-type=\"container\" data-settings=\"{&quot;background_background&quot;:&quot;classic&quot;}\">\n\t\t\t\t\t<div class=\"e-con-inner\">\n\t\t\t\t<div class=\"elementor-element elementor-element-aacd8e8 elementor-widget elementor-widget-theme-post-featured-image elementor-widget-image\" data-id=\"aacd8e8\" data-element_type=\"widget\" data-e-type=\"widget\" data-widget_type=\"theme-post-featured-image.default\">\n\t\t\t\t<div class=\"elementor-widget-container\">\n\t\t\t\t\t\t\t\t\t\t\t\t<figure class=\"wp-caption\">\n\t\t\t\t\t\t\t\t\t\t\t<a href=\"http:\/\/sadfasfs.\" target=\"_blank\">\n\t\t\t\t\t\t\t<img loading=\"lazy\" decoding=\"async\" width=\"815\" height=\"1098\" src=\"https:\/\/revistaregional.com.br\/site\/wp-content\/uploads\/2017\/08\/regional_noivas_05.jpg\" class=\"attachment-full size-full wp-image-11069\" alt=\"\" srcset=\"https:\/\/revistaregional.com.br\/site\/wp-content\/uploads\/2017\/08\/regional_noivas_05.jpg 815w, https:\/\/revistaregional.com.br\/site\/wp-content\/uploads\/2017\/08\/regional_noivas_05-223x300.jpg 223w, https:\/\/revistaregional.com.br\/site\/wp-content\/uploads\/2017\/08\/regional_noivas_05-760x1024.jpg 760w, https:\/\/revistaregional.com.br\/site\/wp-content\/uploads\/2017\/08\/regional_noivas_05-111x150.jpg 111w\" sizes=\"(max-width: 815px) 100vw, 815px\" \/>\t\t\t\t\t\t\t\t<\/a>\n\t\t\t\t\t\t\t\t\t\t\t<figcaption class=\"widget-image-caption wp-caption-text\">Regional Noivas &#8211; Edi\u00e7\u00e3o 5<\/figcaption>\n\t\t\t\t\t\t\t\t\t\t<\/figure>\n\t\t\t\t\t\t\t\t\t<\/div>\n\t\t\t\t<\/div>\n\t\t\t\t\t<\/div>\n\t\t\t\t<\/div>\n\t\t\t\t<\/div>\n\t\t\t\t<div data-elementor-type=\"loop-item\" data-elementor-id=\"31465\" class=\"elementor elementor-31465 e-loop-item e-loop-item-31665 post-31665 capas type-capas status-publish has-post-thumbnail hentry categoria-de-revista-noivas\" data-elementor-post-type=\"elementor_library\" data-custom-edit-handle=\"1\">\n\t\t\t<div class=\"elementor-element elementor-element-57f1a968 e-grid e-con-boxed e-con e-parent\" data-id=\"57f1a968\" data-element_type=\"container\" data-e-type=\"container\" data-settings=\"{&quot;background_background&quot;:&quot;classic&quot;}\">\n\t\t\t\t\t<div class=\"e-con-inner\">\n\t\t\t\t<div class=\"elementor-element elementor-element-aacd8e8 elementor-widget elementor-widget-theme-post-featured-image elementor-widget-image\" data-id=\"aacd8e8\" data-element_type=\"widget\" data-e-type=\"widget\" data-widget_type=\"theme-post-featured-image.default\">\n\t\t\t\t<div class=\"elementor-widget-container\">\n\t\t\t\t\t\t\t\t\t\t\t\t<figure class=\"wp-caption\">\n\t\t\t\t\t\t\t\t\t\t\t<a href=\"http:\/\/sadfasfs.\" target=\"_blank\">\n\t\t\t\t\t\t\t<img loading=\"lazy\" decoding=\"async\" width=\"600\" height=\"808\" src=\"https:\/\/revistaregional.com.br\/site\/wp-content\/uploads\/2017\/08\/capa_reg_noivas_ed04.jpg\" class=\"attachment-full size-full wp-image-11057\" alt=\"\" srcset=\"https:\/\/revistaregional.com.br\/site\/wp-content\/uploads\/2017\/08\/capa_reg_noivas_ed04.jpg 600w, https:\/\/revistaregional.com.br\/site\/wp-content\/uploads\/2017\/08\/capa_reg_noivas_ed04-223x300.jpg 223w, https:\/\/revistaregional.com.br\/site\/wp-content\/uploads\/2017\/08\/capa_reg_noivas_ed04-111x150.jpg 111w\" sizes=\"(max-width: 600px) 100vw, 600px\" \/>\t\t\t\t\t\t\t\t<\/a>\n\t\t\t\t\t\t\t\t\t\t\t<figcaption class=\"widget-image-caption wp-caption-text\">Regional Noivas &#8211; Edi\u00e7\u00e3o 4<\/figcaption>\n\t\t\t\t\t\t\t\t\t\t<\/figure>\n\t\t\t\t\t\t\t\t\t<\/div>\n\t\t\t\t<\/div>\n\t\t\t\t\t<\/div>\n\t\t\t\t<\/div>\n\t\t\t\t<\/div>\n\t\t\t\t<div data-elementor-type=\"loop-item\" data-elementor-id=\"31465\" class=\"elementor elementor-31465 e-loop-item e-loop-item-31664 post-31664 capas type-capas status-publish has-post-thumbnail hentry categoria-de-revista-noivas\" data-elementor-post-type=\"elementor_library\" data-custom-edit-handle=\"1\">\n\t\t\t<div class=\"elementor-element elementor-element-57f1a968 e-grid e-con-boxed e-con e-parent\" data-id=\"57f1a968\" data-element_type=\"container\" data-e-type=\"container\" data-settings=\"{&quot;background_background&quot;:&quot;classic&quot;}\">\n\t\t\t\t\t<div class=\"e-con-inner\">\n\t\t\t\t<div class=\"elementor-element elementor-element-aacd8e8 elementor-widget elementor-widget-theme-post-featured-image elementor-widget-image\" data-id=\"aacd8e8\" data-element_type=\"widget\" data-e-type=\"widget\" data-widget_type=\"theme-post-featured-image.default\">\n\t\t\t\t<div class=\"elementor-widget-container\">\n\t\t\t\t\t\t\t\t\t\t\t\t<figure class=\"wp-caption\">\n\t\t\t\t\t\t\t\t\t\t\t<a href=\"http:\/\/sadfasfs.\" target=\"_blank\">\n\t\t\t\t\t\t\t<img loading=\"lazy\" decoding=\"async\" width=\"600\" height=\"808\" src=\"https:\/\/revistaregional.com.br\/site\/wp-content\/uploads\/2017\/08\/capa_ed_03_reg_noivas.jpg\" class=\"attachment-full size-full wp-image-11058\" alt=\"\" srcset=\"https:\/\/revistaregional.com.br\/site\/wp-content\/uploads\/2017\/08\/capa_ed_03_reg_noivas.jpg 600w, https:\/\/revistaregional.com.br\/site\/wp-content\/uploads\/2017\/08\/capa_ed_03_reg_noivas-223x300.jpg 223w, https:\/\/revistaregional.com.br\/site\/wp-content\/uploads\/2017\/08\/capa_ed_03_reg_noivas-111x150.jpg 111w\" sizes=\"(max-width: 600px) 100vw, 600px\" \/>\t\t\t\t\t\t\t\t<\/a>\n\t\t\t\t\t\t\t\t\t\t\t<figcaption class=\"widget-image-caption wp-caption-text\">Regional Noivas &#8211; Edi\u00e7\u00e3o 3<\/figcaption>\n\t\t\t\t\t\t\t\t\t\t<\/figure>\n\t\t\t\t\t\t\t\t\t<\/div>\n\t\t\t\t<\/div>\n\t\t\t\t\t<\/div>\n\t\t\t\t<\/div>\n\t\t\t\t<\/div>\n\t\t\t\t<\/div>\n\t\t\n\t\t\t\t\t\t<\/div>\n\t\t\t\t<\/div>\n\t\t\t\t\t<\/div>\n\t\t\t\t<\/div>\n\t\t\t\t<\/div>\n\t\t","protected":false},"excerpt":{"rendered":"<p>Clique na capa abaixo e folheie a edi\u00e7\u00e3o no m\u00eas!<\/p>\n","protected":false},"author":1,"featured_media":0,"parent":0,"menu_order":0,"comment_status":"closed","ping_status":"closed","template":"","meta":{"_acf_changed":false,"ngg_post_thumbnail":0,"_joinchat":[],"footnotes":""},"class_list":["post-10945","page","type-page","status-publish","hentry"],"acf":[],"yoast_head":"<!-- This site is optimized with the Yoast SEO plugin v27.4 - https:\/\/yoast.com\/product\/yoast-seo-wordpress\/ -->\n<title>Edi\u00e7\u00f5es anteriores Regional Noivas - Revista Regional<\/title>\n<meta name=\"robots\" content=\"index, follow, max-snippet:-1, max-image-preview:large, max-video-preview:-1\" \/>\n<link rel=\"canonical\" href=\"https:\/\/revistaregional.com.br\/site\/edicoes-anteriores-regional-noivas\/\" \/>\n<meta property=\"og:locale\" content=\"pt_BR\" \/>\n<meta property=\"og:type\" content=\"article\" \/>\n<meta property=\"og:title\" content=\"Edi\u00e7\u00f5es anteriores Regional Noivas - Revista Regional\" \/>\n<meta property=\"og:description\" content=\"Clique na capa abaixo e folheie a edi\u00e7\u00e3o no m\u00eas!\" \/>\n<meta property=\"og:url\" content=\"https:\/\/revistaregional.com.br\/site\/edicoes-anteriores-regional-noivas\/\" \/>\n<meta property=\"og:site_name\" content=\"Revista Regional\" \/>\n<meta property=\"article:modified_time\" content=\"2024-01-26T11:24:09+00:00\" \/>\n<meta name=\"twitter:card\" content=\"summary_large_image\" \/>\n<meta name=\"twitter:label1\" content=\"Est. tempo de leitura\" \/>\n\t<meta name=\"twitter:data1\" content=\"3 minutos\" \/>\n<script type=\"application\/ld+json\" class=\"yoast-schema-graph\">{\"@context\":\"https:\\\/\\\/schema.org\",\"@graph\":[{\"@type\":\"WebPage\",\"@id\":\"https:\\\/\\\/revistaregional.com.br\\\/site\\\/edicoes-anteriores-regional-noivas\\\/\",\"url\":\"https:\\\/\\\/revistaregional.com.br\\\/site\\\/edicoes-anteriores-regional-noivas\\\/\",\"name\":\"Edi\u00e7\u00f5es anteriores Regional Noivas - Revista Regional\",\"isPartOf\":{\"@id\":\"https:\\\/\\\/revistaregional.com.br\\\/site\\\/#website\"},\"datePublished\":\"2017-08-14T12:28:48+00:00\",\"dateModified\":\"2024-01-26T11:24:09+00:00\",\"breadcrumb\":{\"@id\":\"https:\\\/\\\/revistaregional.com.br\\\/site\\\/edicoes-anteriores-regional-noivas\\\/#breadcrumb\"},\"inLanguage\":\"pt-BR\",\"potentialAction\":[{\"@type\":\"ReadAction\",\"target\":[\"https:\\\/\\\/revistaregional.com.br\\\/site\\\/edicoes-anteriores-regional-noivas\\\/\"]}]},{\"@type\":\"BreadcrumbList\",\"@id\":\"https:\\\/\\\/revistaregional.com.br\\\/site\\\/edicoes-anteriores-regional-noivas\\\/#breadcrumb\",\"itemListElement\":[{\"@type\":\"ListItem\",\"position\":1,\"name\":\"In\u00edcio\",\"item\":\"https:\\\/\\\/revistaregional.com.br\\\/site\\\/\"},{\"@type\":\"ListItem\",\"position\":2,\"name\":\"Edi\u00e7\u00f5es anteriores Regional Noivas\"}]},{\"@type\":\"WebSite\",\"@id\":\"https:\\\/\\\/revistaregional.com.br\\\/site\\\/#website\",\"url\":\"https:\\\/\\\/revistaregional.com.br\\\/site\\\/\",\"name\":\"Revista Regional\",\"description\":\"Salto - Itu - Indaituba\",\"potentialAction\":[{\"@type\":\"SearchAction\",\"target\":{\"@type\":\"EntryPoint\",\"urlTemplate\":\"https:\\\/\\\/revistaregional.com.br\\\/site\\\/?s={search_term_string}\"},\"query-input\":{\"@type\":\"PropertyValueSpecification\",\"valueRequired\":true,\"valueName\":\"search_term_string\"}}],\"inLanguage\":\"pt-BR\"}]}<\/script>\n<!-- \/ Yoast SEO plugin. -->","yoast_head_json":{"title":"Edi\u00e7\u00f5es anteriores Regional Noivas - Revista Regional","robots":{"index":"index","follow":"follow","max-snippet":"max-snippet:-1","max-image-preview":"max-image-preview:large","max-video-preview":"max-video-preview:-1"},"canonical":"https:\/\/revistaregional.com.br\/site\/edicoes-anteriores-regional-noivas\/","og_locale":"pt_BR","og_type":"article","og_title":"Edi\u00e7\u00f5es anteriores Regional Noivas - Revista Regional","og_description":"Clique na capa abaixo e folheie a edi\u00e7\u00e3o no m\u00eas!","og_url":"https:\/\/revistaregional.com.br\/site\/edicoes-anteriores-regional-noivas\/","og_site_name":"Revista Regional","article_modified_time":"2024-01-26T11:24:09+00:00","twitter_card":"summary_large_image","twitter_misc":{"Est. tempo de leitura":"3 minutos"},"schema":{"@context":"https:\/\/schema.org","@graph":[{"@type":"WebPage","@id":"https:\/\/revistaregional.com.br\/site\/edicoes-anteriores-regional-noivas\/","url":"https:\/\/revistaregional.com.br\/site\/edicoes-anteriores-regional-noivas\/","name":"Edi\u00e7\u00f5es anteriores Regional Noivas - Revista Regional","isPartOf":{"@id":"https:\/\/revistaregional.com.br\/site\/#website"},"datePublished":"2017-08-14T12:28:48+00:00","dateModified":"2024-01-26T11:24:09+00:00","breadcrumb":{"@id":"https:\/\/revistaregional.com.br\/site\/edicoes-anteriores-regional-noivas\/#breadcrumb"},"inLanguage":"pt-BR","potentialAction":[{"@type":"ReadAction","target":["https:\/\/revistaregional.com.br\/site\/edicoes-anteriores-regional-noivas\/"]}]},{"@type":"BreadcrumbList","@id":"https:\/\/revistaregional.com.br\/site\/edicoes-anteriores-regional-noivas\/#breadcrumb","itemListElement":[{"@type":"ListItem","position":1,"name":"In\u00edcio","item":"https:\/\/revistaregional.com.br\/site\/"},{"@type":"ListItem","position":2,"name":"Edi\u00e7\u00f5es anteriores Regional Noivas"}]},{"@type":"WebSite","@id":"https:\/\/revistaregional.com.br\/site\/#website","url":"https:\/\/revistaregional.com.br\/site\/","name":"Revista Regional","description":"Salto - Itu - Indaituba","potentialAction":[{"@type":"SearchAction","target":{"@type":"EntryPoint","urlTemplate":"https:\/\/revistaregional.com.br\/site\/?s={search_term_string}"},"query-input":{"@type":"PropertyValueSpecification","valueRequired":true,"valueName":"search_term_string"}}],"inLanguage":"pt-BR"}]}},"_links":{"self":[{"href":"https:\/\/revistaregional.com.br\/site\/wp-json\/wp\/v2\/pages\/10945","targetHints":{"allow":["GET"]}}],"collection":[{"href":"https:\/\/revistaregional.com.br\/site\/wp-json\/wp\/v2\/pages"}],"about":[{"href":"https:\/\/revistaregional.com.br\/site\/wp-json\/wp\/v2\/types\/page"}],"author":[{"embeddable":true,"href":"https:\/\/revistaregional.com.br\/site\/wp-json\/wp\/v2\/users\/1"}],"replies":[{"embeddable":true,"href":"https:\/\/revistaregional.com.br\/site\/wp-json\/wp\/v2\/comments?post=10945"}],"version-history":[{"count":5,"href":"https:\/\/revistaregional.com.br\/site\/wp-json\/wp\/v2\/pages\/10945\/revisions"}],"predecessor-version":[{"id":32228,"href":"https:\/\/revistaregional.com.br\/site\/wp-json\/wp\/v2\/pages\/10945\/revisions\/32228"}],"wp:attachment":[{"href":"https:\/\/revistaregional.com.br\/site\/wp-json\/wp\/v2\/media?parent=10945"}],"curies":[{"name":"wp","href":"https:\/\/api.w.org\/{rel}","templated":true}]}}